{"id":18,"date":"2019-06-15T06:57:17","date_gmt":"2019-06-15T06:57:17","guid":{"rendered":"https:\/\/haarcienda-bendorf.de\/?page_id=18"},"modified":"2026-01-09T16:11:02","modified_gmt":"2026-01-09T16:11:02","slug":"leistungen-preise-2","status":"publish","type":"page","link":"https:\/\/haarcienda-bendorf.de\/?page_id=18","title":{"rendered":"LEISTUNGEN &#038; PREISE"},"content":{"rendered":"\n<p class=\"has-very-dark-gray-color has-text-color\"><img loading=\"lazy\" decoding=\"async\" width=\"15\" height=\"15\" class=\"wp-image-13\" style=\"width: 15px;\" src=\"https:\/\/haarcienda-bendorf.de\/wp-content\/uploads\/2019\/06\/gruener_wuerfel.png\" alt=\"\"><strong> Das k\u00f6nnen wir f\u00fcr Sie tun<\/strong><\/p>\n\n\n\n<style> table {width: 95%;} th { background-color: #e5dfd5; color: #fff; } tr { background-color: #fffbf0; color: #000; } tr:nth-child(odd) { background-color: #FFEFD5 ; } <\/style>\n<table>\n  <thead>\n    <tr>\n      <th colspan=\"4\" ;=\"\">Damen<\/th>\n    <\/tr>\n  <\/thead>\n  <tbody>\n    <tr><td width=\"500\">Haarschnitt + waschen, f\u00f6hnen:<\/td><td>ab 43,50 \u20ac<\/td><\/tr>\n    <tr><td>Haarschnitt (nach Aufwand):<\/td><td>ab 27,50 \u20ac<\/td><\/tr>\n    <tr><td>Waschen + f\u00f6hnen (nach Aufwand):<\/td><td>ab 26,00 \u20ac<\/td><\/tr>\t\n  <\/tbody>\n<\/table>\n\n\n\n<style> table {width: 95%;} th { background-color: #e5dfd5; color: #fff; } tr { background-color: #fffbf0; color: #000; } tr:nth-child(odd) { background-color: #FFEFD5 ; } <\/style>\n<table>\n  <thead>\n    <tr>\n      <th colspan=\"4\" ;=\"\">Herren<\/th>\n    <\/tr>\n  <\/thead>\n  <tbody>\n    <tr><td width=\"500\">Haarschnitt + waschen, f\u00f6hnen:<\/td><td>28,00 \u20ac<\/td><\/tr>\n    <tr><td>Haarschnitt:<\/td><td>ab 17,00 \u20ac<\/td><\/tr>\t\n     <\/tbody>\n<\/table>\n\n\n\n<style> table {width: 95%;} th { background-color: #e5dfd5; color: #fff; } tr { background-color: #fffbf0; color: #000; } tr:nth-child(odd) { background-color: #FFEFD5 ; } <\/style>\n<table>\n  <thead>\n    <tr>\n      <th colspan=\"4\" ;=\"\">Kinder<\/th>\n    <\/tr>\n  <\/thead>\n  <tbody>\n    <tr><td width=\"500\">Kinderhaarschnitt:<\/td><td>ab 18,00 \u20ac<\/td><\/tr>\n  <\/tbody>\n<\/table>\n\n\n\n<style> table {width: 95%;} th { background-color: #e5dfd5; color: #fff; } tr { background-color: #fffbf0; color: #000; } tr:nth-child(odd) { background-color: #FFEFD5 ; } <\/style>\n<table>\n  <thead>\n    <tr>\n      <th colspan=\"4\" ;=\"\">Colour<\/th>\n    <\/tr>\n  <\/thead>\n  <tbody>\n    <tr><td width=\"500\">Ansatzfarbe:<\/td><td>46,00 \u20ac<\/td><\/tr>\n    <tr><td>PlusL\u00e4ngen:<\/td><td>65,00 \u20ac<\/td><\/tr>\n    <tr><td>Zusatzleistungen nach Aufwand:<\/td><td>ab 10,50 \u20ac<\/td><\/tr>\n<tr><td>Elumenbehandlung inkl. Look:<\/td><td>ab 66,00 \u20ac<\/td><\/tr>\n  <\/tbody>\n<\/table>\n\n\n\n<style> table {width: 95%;} th { background-color: #e5dfd5; color: #fff; } tr { background-color: #fffbf0; color: #000; } tr:nth-child(odd) { background-color: #FFEFD5 ; } <\/style>\n<table>\n  <thead>\n    <tr>\n      <th colspan=\"4\" ;=\"\">Str\u00e4hnen<\/th>\n    <\/tr>\n  <\/thead>\n  <tbody>\n    <tr><td width=\"500\">Folienstr\u00e4hnen | Oberkopf:<\/td><td>47,00 \u20ac<\/td><\/tr>\n    <tr><td>Folienstr\u00e4hnen | kompletter Kopf:<\/td><td>ab 58,00 \u20ac<\/td><\/tr>\n    <tr><td>Kammstr\u00e4hnen | Glossing:<\/td><td>ab 43,00 \u20ac<\/td><\/tr>\n  <\/tbody>\n<\/table>\n\n\n\n<style> table {width: 95%;} th { background-color: #e5dfd5; color: #fff; } tr { background-color: #fffbf0; color: #000; } tr:nth-child(odd) { background-color: #FFEFD5 ; } <\/style>\n<table>\n  <thead>\n    <tr>\n      <th colspan=\"4\" ;=\"\">Dauerwelle (nach Aufwand)<\/th>\n    <\/tr>\n  <\/thead>\n  <tbody>\n    <tr><td width=\"500\">Dauerwelle (reiner Dauerwellen Preis):<\/td><td>ab 57,00 \u20ac<\/td><\/tr>\n    <tr><td>Zusatzleistungen:<\/td><td>ab 10,50 \u20ac<\/td><\/tr>\n  <\/tbody>\n<\/table>\n\n\n\n<style> table {width: 95%;} th { background-color: #e5dfd5; color: #fff; } tr { background-color: #fffbf0; color: #000; } tr:nth-child(odd) { background-color: #FFEFD5 ; } <\/style>\n<table>\n  <thead>\n    <tr>\n      <th colspan=\"4\" ;=\"\">Beauty<\/th>\n    <\/tr>\n  <\/thead>\n  <tbody>\n    <tr><td width=\"500\">Haarpflege:<\/td><td>ab 5,00 \u20ac<\/td><\/tr>\n    <tr><td>Wimpernf\u00e4rben:<\/td><td>14,00 \u20ac<\/td><\/tr>\n    <tr><td>Augenbrauenf\u00e4rben:<\/td><td>10,50 \u20ac<\/td><\/tr>\n    <tr><td>Augenbrauen zupfen (nach Aufwand):<\/td><td>10,50 \u20ac<\/td><\/tr>\n  <\/tbody>\n<\/table>\n\n\n\n<p>Alle Preise inkl. Mehrwertsteuer und spezieller Shampoos und Stylingprodukte. Irrt\u00fcmer und \u00c4nderungen vorbehalten.<\/p>\n\n\n\n<p><strong>Wichtiger Hinweis: <\/strong>Aus gegebenem Anlass (weil vermehrt fest vereinbarte Termine unentschuldigt nicht wahrgenommen werden) m\u00fcssen wir leider ab sofort ausgefallene Termine, die nicht bis zu <span class=\"has-inline-color has-vivid-red-color\">24 Stunden vorher<\/span> abgesagt wurden, mit 100% in Rechnung stellen.<\/p>\n","protected":false},"excerpt":{"rendered":"<p>Das k\u00f6nnen wir f\u00fcr Sie tun Damen Haarschnitt + waschen, f\u00f6hnen: ab 43,50 \u20ac Haarschnitt (nach Aufwand): ab 27,50 \u20ac Waschen + f\u00f6hnen (nach Aufwand): ab 26,00 \u20ac Herren Haarschnitt + waschen, f\u00f6hnen: 28,00 \u20ac Haarschnitt: ab 17,00 \u20ac Kinder Kinderhaarschnitt: ab 18,00 \u20ac Colour Ansatzfarbe: 46,00 \u20ac PlusL\u00e4ngen: 65,00 \u20ac Zusatzleistungen nach Aufwand: ab<\/p>\n<div class=\"clear\"><\/div>\n<p><a class=\"ReadMore\" href=\"https:\/\/haarcienda-bendorf.de\/?page_id=18\">Read More<\/a><\/p>\n","protected":false},"author":1,"featured_media":0,"parent":0,"menu_order":0,"comment_status":"closed","ping_status":"closed","template":"","meta":{"footnotes":""},"class_list":["post-18","page","type-page","status-publish","hentry"],"_links":{"self":[{"href":"https:\/\/haarcienda-bendorf.de\/index.php?rest_route=\/wp\/v2\/pages\/18"}],"collection":[{"href":"https:\/\/haarcienda-bendorf.de\/index.php?rest_route=\/wp\/v2\/pages"}],"about":[{"href":"https:\/\/haarcienda-bendorf.de\/index.php?rest_route=\/wp\/v2\/types\/page"}],"author":[{"embeddable":true,"href":"https:\/\/haarcienda-bendorf.de\/index.php?rest_route=\/wp\/v2\/users\/1"}],"replies":[{"embeddable":true,"href":"https:\/\/haarcienda-bendorf.de\/index.php?rest_route=%2Fwp%2Fv2%2Fcomments&post=18"}],"version-history":[{"count":48,"href":"https:\/\/haarcienda-bendorf.de\/index.php?rest_route=\/wp\/v2\/pages\/18\/revisions"}],"predecessor-version":[{"id":325,"href":"https:\/\/haarcienda-bendorf.de\/index.php?rest_route=\/wp\/v2\/pages\/18\/revisions\/325"}],"wp:attachment":[{"href":"https:\/\/haarcienda-bendorf.de\/index.php?rest_route=%2Fwp%2Fv2%2Fmedia&parent=18"}],"curies":[{"name":"wp","href":"https:\/\/api.w.org\/{rel}","templated":true}]}}